{"id":1438,"date":"2021-10-07T12:51:33","date_gmt":"2021-10-07T10:51:33","guid":{"rendered":"https:\/\/plugshops.com\/?page_id=1438"},"modified":"2021-10-07T13:15:24","modified_gmt":"2021-10-07T11:15:24","slug":"cgv-esp","status":"publish","type":"page","link":"https:\/\/plugshops.com\/es\/cgv-esp\/","title":{"rendered":"CGV P&#038;P"},"content":{"rendered":"<h1><strong>Condiciones generales de venta<\/strong><\/h1>\n<h2>\u00a0PROP\u00d3SITO<\/h2>\n<p>Las presentes condiciones generales de venta detallan los derechos y obligaciones de la empresa Bucares representada por Yelimer LABARCA y de su cliente en el marco de los servicios relacionados con la venta de productos digitales.<\/p>\n<p>La empresa Bucares se reserva la posibilidad de modificar las presentes condiciones generales de venta en cualquier momento, con el fin de cumplir con cualquier nueva normativa. Por lo tanto, las condiciones aplicables ser\u00e1n las vigentes en la fecha del pedido por parte del cliente.<\/p>\n<p>Las presentes condiciones generales expresan la totalidad de las obligaciones de las partes. Ninguna condici\u00f3n general o espec\u00edfica comunicada por el cliente podr\u00e1 integrarse en estas condiciones generales.<\/p>\n<h2>APLICACI\u00d3N<\/h2>\n<p>Todo pedido implica, para que sea firme y definitivo, la aceptaci\u00f3n plena y sin reservas del cliente de las presentes CGV, que declara haber le\u00eddo, comprendido y aceptado.<\/p>\n<p>Ninguna condici\u00f3n especial o general de compra podr\u00e1, salvo acuerdo expreso por escrito de ambas partes, prevalecer sobre estas CGC.<\/p>\n<h2>PRODUCTOS<\/h2>\n<p>Plug &amp; Plate ha desarrollado un programa de conexi\u00f3n y comercializaci\u00f3n de los servicios de restauraci\u00f3n y todos los servicios complementarios.\u00a0Los detalles de los productos y servicios est\u00e1n disponibles en el sitio web https:\/\/www.plugnplate.com.<\/p>\n<h2>TARIFAS<\/h2>\n<h3>Para los servicios :<\/h3>\n<p>Se cobrar\u00e1 una tasa en funci\u00f3n de la tarifa de suscripci\u00f3n elegida. El precio de este \u00faltimo es el vigente, seg\u00fan el caso, el d\u00eda de la firma de la hoja de pedido o el d\u00eda de la renovaci\u00f3n del abono.<\/p>\n<p>El cliente ser\u00e1 notificado de cualquier cambio de precio por correo electr\u00f3nico o a trav\u00e9s de la interfaz del cliente.<\/p>\n<p>Si se modificara el tipo de IVA, los cambios se reflejar\u00edan directamente en el precio de los servicios sin notificaci\u00f3n previa.<\/p>\n<h3>Para las transacciones:<\/h3>\n<p>En el caso de los pagos en l\u00ednea, realizados a trav\u00e9s de nuestro socio Stripe, Plug &amp; Plate recibe todas las transacciones en l\u00ednea en una cuenta de terceros dedicada a las transacciones en l\u00ednea de estos clientes. Por cada transacci\u00f3n en l\u00ednea se aplica una comisi\u00f3n. El coste de este \u00faltimo es el vigente, seg\u00fan el caso, el d\u00eda de la firma de la hoja de pedido o el d\u00eda de la renovaci\u00f3n del abono.<\/p>\n<p>El cliente ser\u00e1 notificado de cualquier cambio de precio por correo electr\u00f3nico o desde la interfaz del cliente.<\/p>\n<p>Si se modifica el tipo de IVA, los cambios se reflejar\u00e1n directamente en el precio de los servicios sin previo aviso.<\/p>\n<h2>CONDICIONES DE PAGO<\/h2>\n<p>Las cuotas de suscripci\u00f3n se pagan por adelantado y se facturan seg\u00fan el ciclo correspondiente al periodo de compromiso definido en la suscripci\u00f3n.<\/p>\n<p><strong>Ejemplo:<\/strong><\/p>\n<ul>\n<li>Un ciclo de treinta (30) d\u00edas para las suscripciones mensuales,<\/li>\n<li>Un ciclo de trescientos sesenta y cinco (365) d\u00edas para las suscripciones anuales, etc.<\/li>\n<\/ul>\n<p>Se enviar\u00e1 una factura a la direcci\u00f3n de correo electr\u00f3nico proporcionada para cada transacci\u00f3n.<\/p>\n<p>El pago de los servicios se realiza mediante domiciliaci\u00f3n bancaria de una tarjeta de cr\u00e9dito (Carte Bleue, Visa, Mastercard) o mediante domiciliaci\u00f3n SEPA. El cliente debe mantener una tarjeta de pago v\u00e1lida para poder pagar todas las cuotas incurridas y recurrentes.\u00a0Plug &amp; Plate continuar\u00e1 cargando en la tarjeta autorizada (o en cualquier tarjeta de sustituci\u00f3n) las tarifas aplicables hasta que los servicios se hayan completado y todas las tarifas pendientes se hayan pagado en su totalidad. Todos los gastos son en euros.<\/p>\n<p>En caso de problema de pago, el cliente dispone de un m\u00e1ximo de quince (15) d\u00edas para rectificar la situaci\u00f3n. En caso de retraso en el pago, se aplicar\u00e1n autom\u00e1ticamente, sin previo aviso, intereses equivalentes a tres (3) veces el tipo de inter\u00e9s legal.<\/p>\n<h2>ANULACI\u00d3N Y RESCISI\u00d3N<\/h2>\n<p>Las presentes CGV entran en vigor a partir de la firma del formulario de pedido o de la creaci\u00f3n de una cuenta en una de las plataformas Plug &amp; Plate, salvo condiciones especiales especificadas en las CGV.<\/p>\n<p>Al final del per\u00edodo contractual especificado al suscribir los servicios Plug &amp; Plate, la suscripci\u00f3n se renovar\u00e1 por acuerdo t\u00e1cito por per\u00edodos sucesivos iguales a la duraci\u00f3n del per\u00edodo anterior, a menos que sea rescindida por una u otra de las partes en las condiciones establecidas a continuaci\u00f3n.<\/p>\n<p>El presente contrato podr\u00e1 ser rescindido mediante un preaviso de dos (2) meses antes de la finalizaci\u00f3n del compromiso o del incumplimiento, enviando un correo electr\u00f3nico a finance@bucares.com o por carta certificada con acuse de recibo. En este caso, la anulaci\u00f3n surtir\u00e1 efecto al t\u00e9rmino de un plazo de sesenta (60) d\u00edas a partir de la recepci\u00f3n de la solicitud de anulaci\u00f3n. En el caso de la oferta sin compromiso, la solicitud de cancelaci\u00f3n debe realizarse siete (7) d\u00edas antes de la renovaci\u00f3n.<\/p>\n<p>En caso de incumplimiento de cualquiera de las partes a sus obligaciones, la otra parte podr\u00e1 invocar la resoluci\u00f3n autom\u00e1tica del contrato, que se producir\u00e1 quince (15) d\u00edas despu\u00e9s de la recepci\u00f3n por la parte incumplidora de un requerimiento para subsanar el incumplimiento, notificado por carta certificada con acuse de recibo, quedando sin efecto, sin perjuicio de los da\u00f1os y perjuicios que pudieran reclamarse a la parte incumplidora.<\/p>\n<p>Plug &amp; Plate podr\u00e1 rescindir estas CGC, suspender la cuenta del Cliente, as\u00ed como la totalidad o parte de los servicios de Plug &amp; Plate en cualquier momento.<\/p>\n<h2>RESPONSABILIDAD<\/h2>\n<p>Plug &amp; Plate no ser\u00e1 en ning\u00fan caso responsable de los da\u00f1os indirectos, independientemente del principio de responsabilidad invocado, ya sea contractual o extracontractual, como<\/p>\n<p>&#8211; p\u00e9rdida de beneficios<br \/>\n&#8211; p\u00e9rdida comercial, p\u00e9rdida de volumen de negocio, de ingresos o de actividad<br \/>\n&#8211; p\u00e9rdida de clientes o contratos<br \/>\n&#8211; da\u00f1os a la reputaci\u00f3n o a la imagen<br \/>\n&#8211; p\u00e9rdida de oportunidades de negocio<br \/>\n&#8211; p\u00e9rdida de datos<br \/>\n&#8211; p\u00e9rdida de tiempo<\/p>\n<p>Plug &amp; Plate no puede garantizar el uso sin problemas de sus servicios ni la exactitud e integridad de los datos transmitidos o cargados en los servicios, aunque hace todo lo posible para que no se produzcan tales casos.<\/p>\n<p>Plug &amp; Plate ha implementado medidas de desarrollo t\u00e9cnico y de arquitectura para garantizar que toda la informaci\u00f3n del cliente est\u00e9 protegida contra p\u00e9rdidas accidentales o causadas por el uso malicioso o no autorizado de los servicios. Todas las transferencias est\u00e1n codificadas. Sin embargo, Plug &amp; Plate no puede garantizar al 100% que un tercero no autorizado pueda eludir el sistema y utilizar la informaci\u00f3n de la cuenta del cliente de forma il\u00edcita. Hay que tener en cuenta que los datos bancarios (tarjeta de cr\u00e9dito en caso de domiciliaci\u00f3n bancaria o transacciones) no se almacenan en Plug &amp; Plate, sino en su proveedor de pagos online Stripe.<\/p>\n<p>Dadas las especificidades de la red de Internet, Plug &amp; Plate no se hace responsable de la no prestaci\u00f3n de determinados servicios (pedido en l\u00ednea no recibido, por ejemplo).<\/p>\n<p>Plug &amp; Plate ser\u00e1 responsable de cualquier incumplimiento de sus obligaciones en virtud de la ley y de las disposiciones de las CGC, en la medida en que dicho incumplimiento haya causado un da\u00f1o directo y cierto a su cliente.<\/p>\n<p>El cliente es responsable de toda la informaci\u00f3n y el contenido proporcionado en las plataformas. Incluso si Plug &amp; Plate puede proponer a su cliente que rellene la informaci\u00f3n en su nombre, el cliente seguir\u00e1 siendo responsable de esta informaci\u00f3n y deber\u00e1 garantizar su comprobaci\u00f3n.\u00a0Plug &amp; Plate no se hace responsable en caso de que la informaci\u00f3n proporcionada en las plataformas no sea v\u00e1lida (informaci\u00f3n sobre los art\u00edculos vendidos, precios, IVA, etc.).<\/p>\n<p>Los datos transmitidos a Plug &amp; Plate est\u00e1n, en principio, libres de todo derecho. No obstante, el cliente se compromete a garantizar a Plug &amp; Plate contra toda posible reclamaci\u00f3n de terceros en relaci\u00f3n con el uso de la informaci\u00f3n puesta a disposici\u00f3n, en particular en lo que se refiere a los derechos de propiedad intelectual que puedan estar relacionados con ella. Por consiguiente, si un tercero interpusiera una acci\u00f3n contra la empresa Bucares por violaci\u00f3n de un derecho de propiedad intelectual directamente relacionado con la informaci\u00f3n que el cliente hubiera comunicado en las plataformas de Plug &amp; Plate, el cliente pagar\u00eda entonces todos los gastos relacionados con la defensa, el importe de las transacciones y el importe de los da\u00f1os y perjuicios y\/o sanciones concedidos por una decisi\u00f3n judicial.<\/p>\n<p>El cliente es responsable de los productos vendidos in situ y en l\u00ednea desde las plataformas Plug &amp; Plate.\u00a0Plug &amp; Plate declina toda responsabilidad en caso de que los productos vendidos no sean comestibles o no se ajusten a la descripci\u00f3n dada en las plataformas.<\/p>\n<h2>PROPIEDAD INTELECTUAL<\/h2>\n<p>Al suscribirse a los servicios de Plug &amp; Plate, el cliente acepta que cualquier usuario de Internet pueda ver el contenido de su restaurante. El Cliente tambi\u00e9n acepta que Plug &amp; Plate almacena toda su informaci\u00f3n y puede, en cualquier momento, revisar la informaci\u00f3n proporcionada en su interfaz de cliente.<\/p>\n<p>Plug &amp; Plate tendr\u00e1 el derecho y la licencia no exclusivos de utilizar los nombres, marcas y logotipos de su cliente para promocionar sus servicios. El cliente autoriza a Plug &amp; Plate a citar su establecimiento, marca como referencia comercial.<\/p>\n<p>Plug &amp; Plate se compromete a no divulgar los datos confidenciales de sus clientes a terceros, salvo en los casos en que la ley lo exija para las solicitudes de terceros.<\/p>\n<p>Todos los servicios, el sitio web y sus contenidos (gr\u00e1ficos, t\u00e9cnicos, im\u00e1genes, etc.) son propiedad exclusiva de Plug &amp; Plate. El cliente se compromete a no copiar, reproducir, compartir o transferir de otro modo ning\u00fan contenido propio de Plug &amp; Plate.<\/p>\n<h2>FUERZA MAYOR<\/h2>\n<p>El t\u00e9rmino \u00abfuerza mayor\u00bb, tal y como se define en el art\u00edculo 1218 del C\u00f3digo Civil, incluye cualquier acontecimiento, fortuito o no, ajeno a la voluntad de la parte que lo invoca, pero no necesariamente imprevisible. La parte afectada por el evento de fuerza mayor deber\u00e1 notificar a la otra parte sin demora. A partir de dicho aviso, las obligaciones de las CGC que no puedan cumplirse por causa de fuerza mayor quedar\u00e1n suspendidas de mutuo acuerdo entre las partes. Salvo acuerdo en contrario, en caso de incumplimiento de una de las partes por causa de fuerza mayor durante m\u00e1s de dos (2) meses, cualquiera de las partes tendr\u00e1 derecho a notificar a la otra la resoluci\u00f3n inmediata del contrato mediante notificaci\u00f3n escrita a tal efecto a la otra parte.<\/p>\n<h2>INTUITU PERSONAE<\/h2>\n<p>Las CGV entre el Cliente y Bucares son estrictamente personales y no pueden ser cedidas o transferidas a ninguna persona o empresa en su totalidad o en parte, directa o indirectamente y de cualquier manera, en particular por medio de la fusi\u00f3n, la contribuci\u00f3n o la libre gesti\u00f3n, excepto con el consentimiento previo por escrito de Plug &amp; Plate.<\/p>\n<h2>SOLUCI\u00d3N DE CONTROVERSIAS<\/h2>\n<p>El contrato se rige por la legislaci\u00f3n francesa. Las partes acuerdan que en caso de litigio relacionado con la celebraci\u00f3n, la validez, la interpretaci\u00f3n, la ejecuci\u00f3n, as\u00ed como el cese y la rescisi\u00f3n del presente contrato y sus endosos ser\u00e1n competencia exclusiva del Tribunal de Comercio de Evry-Courcouronnes.<\/p>\n<p>&nbsp;<\/p>\n","protected":false},"excerpt":{"rendered":"<p>Condiciones generales de venta \u00a0PROP\u00d3SITO Las presentes condiciones generales de venta detallan los derechos y obligaciones de la empresa Bucares representada por Yelimer LABARCA y de su cliente en el marco de los servicios relacionados con la venta de productos digitales. La empresa Bucares se reserva la posibilidad de modificar las presentes condiciones generales de &hellip;<\/p>\n<p class=\"read-more\"> <a class=\"\" href=\"https:\/\/plugshops.com\/es\/cgv-esp\/\"> <span class=\"screen-reader-text\">CGV P&#038;P<\/span> Leer m\u00e1s &raquo;<\/a><\/p>\n","protected":false},"author":4,"featured_media":0,"parent":0,"menu_order":0,"comment_status":"closed","ping_status":"closed","template":"","meta":{"content-type":"","site-sidebar-layout":"default","site-content-layout":"default","ast-global-header-display":"","ast-main-header-display":"","ast-hfb-above-header-display":"","ast-hfb-below-header-display":"","ast-hfb-mobile-header-display":"","site-post-title":"","ast-breadcrumbs-content":"","ast-featured-img":"","footer-sml-layout":"","theme-transparent-header-meta":"default","adv-header-id-meta":"","stick-header-meta":"","header-above-stick-meta":"","header-main-stick-meta":"","header-below-stick-meta":"","footnotes":""},"class_list":["post-1438","page","type-page","status-publish","hentry"],"_links":{"self":[{"href":"https:\/\/plugshops.com\/es\/wp-json\/wp\/v2\/pages\/1438","targetHints":{"allow":["GET"]}}],"collection":[{"href":"https:\/\/plugshops.com\/es\/wp-json\/wp\/v2\/pages"}],"about":[{"href":"https:\/\/plugshops.com\/es\/wp-json\/wp\/v2\/types\/page"}],"author":[{"embeddable":true,"href":"https:\/\/plugshops.com\/es\/wp-json\/wp\/v2\/users\/4"}],"replies":[{"embeddable":true,"href":"https:\/\/plugshops.com\/es\/wp-json\/wp\/v2\/comments?post=1438"}],"version-history":[{"count":4,"href":"https:\/\/plugshops.com\/es\/wp-json\/wp\/v2\/pages\/1438\/revisions"}],"predecessor-version":[{"id":1443,"href":"https:\/\/plugshops.com\/es\/wp-json\/wp\/v2\/pages\/1438\/revisions\/1443"}],"wp:attachment":[{"href":"https:\/\/plugshops.com\/es\/wp-json\/wp\/v2\/media?parent=1438"}],"curies":[{"name":"wp","href":"https:\/\/api.w.org\/{rel}","templated":true}]}}