{"id":1433,"date":"2021-10-07T12:15:36","date_gmt":"2021-10-07T10:15:36","guid":{"rendered":"https:\/\/plugshops.com\/?page_id=1433"},"modified":"2021-10-07T13:15:12","modified_gmt":"2021-10-07T11:15:12","slug":"cgu-esp","status":"publish","type":"page","link":"https:\/\/plugshops.com\/es\/cgu-esp\/","title":{"rendered":"CGU P&#038;P"},"content":{"rendered":"<h2>Condiciones generales de uso<\/h2>\n<p>El objetivo de las presentes condiciones generales de uso (denominadas \u00abCGV\u00bb) es proporcionar un marco legal a las condiciones de prestaci\u00f3n del sitio web y de los servicios ofrecidos por Plug &amp; Plate. Las presentes CGU son accesibles en el sitio web bajo la r\u00fabrica \u00abCGU\u00bb.<\/p>\n<p>El uso del sitio web https:\/\/www.plugnplate.com implica la aceptaci\u00f3n plena y completa de estas CGC por parte del usuario. Estas condiciones de uso pueden ser modificadas o complementadas en cualquier momento, por lo que se invita a los usuarios del sitio web https:\/\/www.plugnplate.com a consultarlas regularmente.<\/p>\n<p>Este sitio web es normalmente accesible para los usuarios en todo momento. No obstante, Plug &amp; Plate puede decidir interrumpir el sitio web por motivos de mantenimiento t\u00e9cnico. En este caso, Plug &amp; Plate se esforzar\u00e1 por informar a los usuarios de las fechas y horas de la intervenci\u00f3n con antelaci\u00f3n.<\/p>\n<p>El sitio web https:\/\/www.plugnplate.com es actualizado regularmente por Javier BLOEM, del mismo modo, los avisos legales pueden ser modificados en cualquier momento: no obstante, son vinculantes para el usuario, a quien se le invita a remitirse a ellos con la mayor frecuencia posible para leerlos.<\/p>\n<h2>AVISOS LEGALES<\/h2>\n<p>De conformidad con el art\u00edculo 6 de la Ley n\u00ba 2004-575, de 21 de junio de 2004, sobre la confianza en la econom\u00eda digital, se informa a los usuarios del sitio web https:\/\/www.plugnplate.com de la identidad de las distintas partes que intervienen en su creaci\u00f3n y seguimiento:<\/p>\n<p>Propietario: SAS BUCARES Capital social de 1.000 euros<br \/>\nDirecci\u00f3n: 29 Cours Monseigneur Rom\u00e9ro<br \/>\nN\u00famero de IVA: FR66819057639<br \/>\nN\u00famero RCS: 81905763900026<br \/>\nDirector de la publicaci\u00f3n: BUCARES SAS &#8211; info@bucares.com<br \/>\nWebmaster: BUCARES SAS &#8211; webmaster@bucares.com<br \/>\nAnfitri\u00f3n: Amazon Web Services Inc &#8211; 410 Terry Avenue North, WA 98109-5210 SEATTLE, USA https:\/\/aws.amazon.com<\/p>\n<h2>DESCRIPCI\u00d3N DE LOS SERVICIOS PRESTADOS.<\/h2>\n<p>El objetivo del sitio web https:\/\/www.plugnplate.com es ofrecer informaci\u00f3n sobre todas las actividades de la empresa.<\/p>\n<p>Plug &amp; Plate se esfuerza por ofrecer en el sitio web https:\/\/www.plugnplate.com una informaci\u00f3n lo m\u00e1s exacta posible. Sin embargo, no se le puede responsabilizar de las omisiones, inexactitudes y deficiencias en la actualizaci\u00f3n, ya sean de su propia cosecha o de la de los terceros que proporcionan esta informaci\u00f3n.<\/p>\n<p>Toda la informaci\u00f3n que aparece en el sitio web https:\/\/www.plugnplate.com se ofrece a t\u00edtulo informativo y est\u00e1 sujeta a cambios. Adem\u00e1s, la informaci\u00f3n del sitio web https:\/\/www.plugnplate.com no es exhaustiva. Se da a condici\u00f3n de que se hayan hecho modificaciones desde que se puso en l\u00ednea.<\/p>\n<h2>LIMITACIONES CONTRACTUALES DE LOS DATOS T\u00c9CNICOS.<\/h2>\n<p>El sitio utiliza la tecnolog\u00eda JavaScript.<\/p>\n<p>El sitio web no se hace responsable de los da\u00f1os materiales relacionados con el uso del sitio. Adem\u00e1s, el usuario del sitio se compromete a acceder al mismo utilizando equipos recientes, libres de virus y con un navegador actualizado de \u00faltima generaci\u00f3n.<\/p>\n<h2>PROPIEDAD INTELECTUAL Y FALSIFICACI\u00d3N.<\/h2>\n<p>Plug &amp; Plate es el propietario de los derechos de propiedad intelectual y posee los derechos de uso sobre todos los elementos accesibles en el sitio web, en particular los textos, im\u00e1genes, gr\u00e1ficos, logotipos, v\u00eddeos, iconos y sonidos.<\/p>\n<p>Cualquier reproducci\u00f3n, representaci\u00f3n, modificaci\u00f3n, publicaci\u00f3n, adaptaci\u00f3n de la totalidad o parte de los elementos del sitio, cualquiera que sea el medio o el procedimiento utilizado, est\u00e1 prohibida, salvo autorizaci\u00f3n previa por escrito de : Enchufe y placa<\/p>\n<p>Toda utilizaci\u00f3n no autorizada del sitio o de alguno de los elementos que contiene se considerar\u00e1 constitutiva de infracci\u00f3n y ser\u00e1 perseguida de conformidad con las disposiciones de los art\u00edculos L.335-2 y siguientes del C\u00f3digo de la Propiedad Intelectual.<\/p>\n<h2>LIMITACIONES DE RESPONSABILIDAD.<\/h2>\n<p>Plug &amp; Plate no se hace responsable de los da\u00f1os directos e indirectos causados al equipo del usuario al acceder al sitio web https:\/\/www.plugnplate.com, y que se deriven bien del uso de un equipo que no cumpla las especificaciones indicadas en el punto 4, bien de la aparici\u00f3n de un error o incompatibilidad.<\/p>\n<p>Plug &amp; Plate no se hace responsable de los da\u00f1os indirectos (como la p\u00e9rdida de mercado o la p\u00e9rdida de oportunidades) derivados del uso del sitio web https:\/\/www.plugnplate.com.<\/p>\n<p>Los usuarios disponen de espacios interactivos (posibilidad de hacer preguntas en la zona de contacto). Plug &amp; Plate se reserva el derecho de eliminar, sin previo aviso, cualquier contenido publicado en este espacio que contravenga la legislaci\u00f3n aplicable en Francia, en particular las disposiciones relativas a la protecci\u00f3n de datos. En su caso, Plug &amp; Plate tambi\u00e9n se reserva el derecho de exigir la responsabilidad civil y\/o penal del usuario, en particular en caso de mensajes de car\u00e1cter racista, insultante, difamatorio o pornogr\u00e1fico, independientemente del medio utilizado (texto, fotograf\u00edas, etc.).<\/p>\n<h2>GESTI\u00d3N DE DATOS PERSONALES.<\/h2>\n<p>En Francia, los datos personales est\u00e1n protegidos por la ley n\u00b0 78-87 del 6 de enero de 1978, la ley n\u00b0 2004-801 del 6 de agosto de 2004, el art\u00edculo L. 226-13 del C\u00f3digo Penal y la Directiva Europea del 24 de octubre de 1995.<\/p>\n<p>Al utilizar el sitio web https:\/\/www.plugnplate.com, se puede recoger la siguiente informaci\u00f3n: la URL de los enlaces a trav\u00e9s de los cuales el usuario ha accedido al sitio web https:\/\/www.plugnplate.com, el proveedor de acceso del usuario, la direcci\u00f3n del protocolo de Internet (IP) del usuario.<\/p>\n<p>En cualquier caso, Plug &amp; Plate s\u00f3lo recoge informaci\u00f3n personal sobre el usuario a efectos de determinados servicios ofrecidos por el sitio web https:\/\/www.plugnplate.com. El usuario proporciona esta informaci\u00f3n con pleno conocimiento de causa, en particular cuando la introduce por s\u00ed mismo. A continuaci\u00f3n, se especifica al usuario del sitio https:\/\/www.plugnplate.com si est\u00e1 obligado o no a proporcionar esta informaci\u00f3n.<\/p>\n<p>De conformidad con las disposiciones de los art\u00edculos 38 y siguientes de la Ley 78-17 de 6 de enero de 1978 relativa a la inform\u00e1tica, a los archivos y a las libertades, todo usuario tiene derecho a acceder, rectificar y oponerse a los datos personales que le conciernen, presentando una solicitud escrita y firmada, acompa\u00f1ada de una copia del documento de identidad con la firma del titular del documento, precisando la direcci\u00f3n a la que debe enviarse la respuesta.<\/p>\n<p>Ninguna informaci\u00f3n personal del usuario del sitio https:\/\/www.plugnplate.com se publica sin el conocimiento del usuario, se intercambia, se transfiere, se cede o se vende en ning\u00fan medio a terceros. S\u00f3lo la asunci\u00f3n de la compra de Plug &amp; Plate y de sus derechos permitir\u00eda la transmisi\u00f3n de la citada informaci\u00f3n al eventual comprador que, a su vez, estar\u00eda obligado a la misma obligaci\u00f3n de conservaci\u00f3n y modificaci\u00f3n de los datos respecto al usuario del sitio web https:\/\/www.plugnplate.com.<\/p>\n<p>Las bases de datos est\u00e1n protegidas por las disposiciones de la ley de 1 de julio de 1998 que transpone la Directiva 96\/9 de 11 de marzo de 1996 sobre la protecci\u00f3n jur\u00eddica de las bases de datos.<\/p>\n<h2>ENLACES DE HIPERTEXTO Y COOKIES.<\/h2>\n<p>El sitio web https:\/\/www.plugnplate.com contiene un cierto n\u00famero de enlaces de hipertexto hacia otros sitios, establecidos con la autorizaci\u00f3n de Plug &amp; Plate. Sin embargo, Plug &amp; Plate no tiene la posibilidad de comprobar el contenido de los sitios as\u00ed visitados y, en consecuencia, no asumir\u00e1 ninguna responsabilidad al respecto.<\/p>\n<p>La navegaci\u00f3n por el sitio web https:\/\/www.plugnplate.com puede dar lugar a la instalaci\u00f3n de cookies en el ordenador del usuario. Una cookie es un peque\u00f1o archivo que no permite identificar al usuario, pero que registra informaci\u00f3n relativa a la navegaci\u00f3n de un ordenador en un sitio. Los datos as\u00ed obtenidos est\u00e1n destinados a facilitar la navegaci\u00f3n posterior en el sitio, y tambi\u00e9n a permitir diversas medidas de frecuentaci\u00f3n.<\/p>\n<p>Rechazar la instalaci\u00f3n de una cookie puede imposibilitar el acceso a determinados servicios. Sin embargo, el usuario puede configurar su ordenador de la siguiente manera para rechazar la instalaci\u00f3n de cookies:<\/p>\n<p>En Internet Explorer: pesta\u00f1a de herramientas (pictograma en forma de rueda dentada en la parte superior derecha) \/ opciones de Internet. Haga clic en Confidencialidad y elija Bloquear todas las cookies. Validar con Ok.<\/p>\n<p>En Firefox: en la parte superior de la ventana del navegador, haga clic en el bot\u00f3n de Firefox y luego vaya a la pesta\u00f1a Opciones. Haga clic en la pesta\u00f1a Privacidad. Establezca las Reglas de Retenci\u00f3n en: utilizar la configuraci\u00f3n personalizada para el historial. Por \u00faltimo, desmarque la casilla para desactivar las cookies.<\/p>\n<p>En Safari: haga clic en el icono del men\u00fa (simbolizado por un engranaje) situado en la parte superior derecha del navegador. Seleccione la configuraci\u00f3n. Haga clic en Mostrar la configuraci\u00f3n avanzada. En la secci\u00f3n \u00abPrivacidad\u00bb, haga clic en \u00abConfiguraci\u00f3n del contenido\u00bb. En la secci\u00f3n \u00abCookies\u00bb, puede bloquear las cookies.<\/p>\n<p>En Chrome: haga clic en el icono del men\u00fa (simbolizado por tres l\u00edneas horizontales) situado en la parte superior derecha del navegador. Seleccione la configuraci\u00f3n. Haga clic en Mostrar la configuraci\u00f3n avanzada. En la secci\u00f3n \u00abPrivacidad\u00bb, haga clic en las preferencias. En la pesta\u00f1a \u00abPrivacidad\u00bb, puede bloquear las cookies.<\/p>\n<h2>LEY Y JURISDICCI\u00d3N APLICABLES.<\/h2>\n<p>Cualquier litigio relacionado con el uso del sitio web https:\/\/www.plugnplate.com est\u00e1 sujeto a la legislaci\u00f3n francesa. La jurisdicci\u00f3n exclusiva se otorga a los tribunales competentes de Par\u00eds.<\/p>\n<h2>LAS PRINCIPALES LEYES EN CUESTI\u00d3N.<\/h2>\n<p>Ley n\u00b0 78-17 de 6 de enero de 1978, modificada en particular por la ley n\u00b0 2004-801 de 6 de agosto de 2004 relativa a la inform\u00e1tica, los archivos y las libertades.<\/p>\n<p>Ley n\u00b0 2004-575 de 21 de junio de 2004 para la confianza en la econom\u00eda digital.<\/p>\n<h2>LEXICON.<\/h2>\n<p>Usuario: usuario de Internet que se conecta y utiliza el sitio mencionado.<\/p>\n<p>Informaci\u00f3n personal: \u00abinformaci\u00f3n que permite, bajo cualquier forma, directamente o no, la identificaci\u00f3n de las personas f\u00edsicas a las que se aplica\u00bb (art\u00edculo 4 de la ley n\u00b0 78-17 de 6 de enero de 1978).<\/p>\n<p>&nbsp;<\/p>\n","protected":false},"excerpt":{"rendered":"<p>Condiciones generales de uso El objetivo de las presentes condiciones generales de uso (denominadas \u00abCGV\u00bb) es proporcionar un marco legal a las condiciones de prestaci\u00f3n del sitio web y de los servicios ofrecidos por Plug &amp; Plate. Las presentes CGU son accesibles en el sitio web bajo la r\u00fabrica \u00abCGU\u00bb. El uso del sitio web &hellip;<\/p>\n<p class=\"read-more\"> <a class=\"\" href=\"https:\/\/plugshops.com\/es\/cgu-esp\/\"> <span class=\"screen-reader-text\">CGU P&#038;P<\/span> Leer m\u00e1s &raquo;<\/a><\/p>\n","protected":false},"author":4,"featured_media":0,"parent":0,"menu_order":0,"comment_status":"closed","ping_status":"closed","template":"","meta":{"content-type":"","site-sidebar-layout":"default","site-content-layout":"default","ast-global-header-display":"","ast-main-header-display":"","ast-hfb-above-header-display":"","ast-hfb-below-header-display":"","ast-hfb-mobile-header-display":"","site-post-title":"","ast-breadcrumbs-content":"","ast-featured-img":"","footer-sml-layout":"","theme-transparent-header-meta":"default","adv-header-id-meta":"","stick-header-meta":"","header-above-stick-meta":"","header-main-stick-meta":"","header-below-stick-meta":"","footnotes":""},"class_list":["post-1433","page","type-page","status-publish","hentry"],"_links":{"self":[{"href":"https:\/\/plugshops.com\/es\/wp-json\/wp\/v2\/pages\/1433","targetHints":{"allow":["GET"]}}],"collection":[{"href":"https:\/\/plugshops.com\/es\/wp-json\/wp\/v2\/pages"}],"about":[{"href":"https:\/\/plugshops.com\/es\/wp-json\/wp\/v2\/types\/page"}],"author":[{"embeddable":true,"href":"https:\/\/plugshops.com\/es\/wp-json\/wp\/v2\/users\/4"}],"replies":[{"embeddable":true,"href":"https:\/\/plugshops.com\/es\/wp-json\/wp\/v2\/comments?post=1433"}],"version-history":[{"count":4,"href":"https:\/\/plugshops.com\/es\/wp-json\/wp\/v2\/pages\/1433\/revisions"}],"predecessor-version":[{"id":1437,"href":"https:\/\/plugshops.com\/es\/wp-json\/wp\/v2\/pages\/1433\/revisions\/1437"}],"wp:attachment":[{"href":"https:\/\/plugshops.com\/es\/wp-json\/wp\/v2\/media?parent=1433"}],"curies":[{"name":"wp","href":"https:\/\/api.w.org\/{rel}","templated":true}]}}