{"id":1310,"date":"2021-10-05T18:43:43","date_gmt":"2021-10-05T16:43:43","guid":{"rendered":"https:\/\/plugshops.com\/?page_id=1310"},"modified":"2021-10-07T13:15:49","modified_gmt":"2021-10-07T11:15:49","slug":"politica-de-confidencialidad","status":"publish","type":"page","link":"https:\/\/plugshops.com\/es\/politica-de-confidencialidad\/","title":{"rendered":"Pol\u00edtica de Confidencialidad"},"content":{"rendered":"\r\n<p>En el transcurso de su actividad, Plug &amp; Plate, cuyo domicilio social se encuentra en\u00a029 Cours Monseigneur Rom\u00e9ro, recoge y trata informaci\u00f3n, parte de la cual se califica como \u00abdatos personales\u00bb.\u00a0\u00a0Plug &amp; Plate concede gran importancia al respeto de la privacidad, y s\u00f3lo utiliza los datos de forma responsable y confidencial y con un prop\u00f3sito espec\u00edfico.\u00a0<\/p>\r\n<p>Plug &amp; Plate se compromete a preservar la confidencialidad de la informaci\u00f3n proporcionada por el comprador, que puede estar obligado a transmitir para el uso de ciertos servicios. Cualquier informaci\u00f3n relativa al comprador est\u00e1 sujeta a las disposiciones de la ley n\u00b0 78-17 del 6 de enero de 1978. Como tal, el usuario de Internet tiene derecho a acceder, modificar y eliminar la informaci\u00f3n que le concierne. Pueden solicitarlo en cualquier momento por correo a la siguiente direcci\u00f3n: <strong>info@plugshops.com<\/strong><\/p>\r\n\r\n\r\n\r\n<h2 class=\"wp-block-heading\"><strong>Datos Personales<\/strong><\/h2>\r\n\r\n\r\n\r\n<p>En el sitio web plugandplate.com, es probable que se recojan 2 tipos de datos:<\/p>\r\n\r\n\r\n\r\n<ul class=\"wp-block-list\">\r\n<li><strong>Los datos transmitidos directamente.<\/strong> Estos datos son los que el usuario transmite directamente, a trav\u00e9s de un formulario de contacto o por contacto directo por correo electr\u00f3nico. Los campos \u00abnombre y apellidos\u00bb, \u00abempresa u organizaci\u00f3n\u00bb y \u00abcorreo electr\u00f3nico\u00bb son obligatorios en el formulario de contacto.<\/li>\r\n<li><strong>Los datos recogidos autom\u00e1ticamente.<\/strong> Durante una visita en el sitio plugandplate.com, una vez dado el consentimiento del usuario, podemos recoger informaci\u00f3n de tipo \u00abweb analytics\u00bb relativa a la navegaci\u00f3n del usuario, la duraci\u00f3n de su consulta, su direcci\u00f3n IP, el tipo y la versi\u00f3n de su navegador. La tecnolog\u00eda utilizada es la cookie.<br \/>Uso de los datos<\/li>\r\n<\/ul>\r\n\r\n\r\n\r\n<h2 class=\"wp-block-heading\">Uso de los datos<\/h2>\r\n\r\n\r\n\r\n<p>Los datos transmitidos directamente por el usuario se utilizan para volver a contactar con \u00e9l y\/o en el contexto de la solicitud realizada por el usuario. Los datos de \u00abanal\u00edtica web\u00bb son recogidos de forma an\u00f3nima (mediante el registro de direcciones IP an\u00f3nimas) por Google Analytics, y nos permiten medir la audiencia de nuestro sitio web, las consultas y los posibles errores con el fin de mejorar constantemente la experiencia del usuario. Estos datos son utilizados por Plug &amp; Plate, el responsable del tratamiento, y nunca ser\u00e1n cedidos a terceros ni utilizados para otros fines que los detallados anteriormente.<\/p>\r\n\r\n\r\n\r\n<h2 class=\"wp-block-heading\"><strong>Base Jur\u00eddica<\/strong><\/h2>\r\n\r\n\r\n\r\n<p>Los datos personales s\u00f3lo se recogen tras el consentimiento obligatorio del usuario. Este consentimiento se recoge de forma v\u00e1lida (botones y casillas), libre, clara e inequ\u00edvoca.<\/p>\r\n\r\n\r\n\r\n<p><strong>Cookies<\/strong><\/p>\r\n\r\n\r\n\r\n<p>Esta es la lista de cookies utilizadas:<\/p>\r\n\r\n\r\n\r\n<ul class=\"wp-block-list\">\r\n<li>Cookies Google Maps.<\/li>\r\n<li>Cookies Facebook.<\/li>\r\n<\/ul>\r\n\r\n\r\n\r\n<h2>Sus derechos sobre los datos personales<\/h2>\r\n\r\n\r\n\r\n<p>El usuario tiene derecho a consultar, solicitar la modificaci\u00f3n o supresi\u00f3n de todos sus datos personales. Tambi\u00e9n pueden retirar su consentimiento para el tratamiento de sus datos en cualquier momento.<\/p>\r\n\r\n\r\n\r\n<p>Controlador de datos<\/p>\r\n\r\n\r\n\r\n<p>Es posible que el usuario deba transmitir determinados datos personales. En este caso, el responsable del tratamiento de estos datos es:<\/p>\r\n\r\n\r\n\r\n<ul class=\"wp-block-list\">\r\n<li>Propietario: SAS BUCARES Capital social de 1.000 euros.<\/li>\r\n<li>Direcci\u00f3n: 29 Cours Monseigneur Rom\u00e9ro.<\/li>\r\n<li>N\u00famero de IVA: FR66819057639.<\/li>\r\n<li>N\u00famero RCS: 81905763900026.<\/li>\r\n<li>Director de la publicaci\u00f3n: BUCARES SAS &#8211; info@bucares.com.<\/li>\r\n<li>Webmaster: BUCARES SAS &#8211; webmaster@bucares.com.<\/li>\r\n<li>Anfitri\u00f3n: Amazon Web Services Inc &#8211; 410 Terry Avenue North, WA 98109-5210 SEATTLE, USA https:\/\/aws.amazon.com<\/li>\r\n<\/ul>\r\n\r\n\r\n\r\n<h2>Seguridad y conservaci\u00f3n de datos<\/h2>\r\n\r\n\r\n\r\n<p>Plug &amp; Plate toma medidas organizativas para proteger la informaci\u00f3n del usuario contra el acceso no autorizado y contra el uso ilegal, la p\u00e9rdida accidental, la destrucci\u00f3n y los da\u00f1os. La informaci\u00f3n se conserva durante un periodo de tiempo razonable o durante el tiempo que exija la ley.<\/p>\r\n<p>El usuario es responsable de mantener la confidencialidad de las contrase\u00f1as creadas en las plataformas Plug &amp; Plate.\u00a0Plug &amp; Plate aconseja al usuario no compartir nunca las contrase\u00f1as con terceros.<\/p>\r\n<p>Lamentablemente, la transmisi\u00f3n de informaci\u00f3n a trav\u00e9s de Internet no es totalmente segura. A pesar de todas las medidas necesarias tomadas por Plug &amp; Plate para proteger la informaci\u00f3n del usuario, Plug &amp; Plate no puede garantizar la seguridad de los datos transmitidos al sitio web. Una vez recopilada la informaci\u00f3n del usuario, Plug &amp; Plate utilizar\u00e1 estrictos procedimientos y funciones de seguridad para tratar de evitar el acceso no autorizado.<\/p>\r\n\r\n\r\n\r\n<h2>Reclamaci\u00f3n a la autoridad de control<\/h2>\r\n\r\n\r\n\r\n<p>Se informa al usuario de que tiene derecho a presentar una reclamaci\u00f3n ante la Comisi\u00f3n Nacional de la Inform\u00e1tica y las Libertades (CNIL), cuya direcci\u00f3n de contacto es la siguiente:<\/p>\r\n<ul>\r\n<li>Comisi\u00f3n Nacional de Inform\u00e1tica y Libertades<\/li>\r\n<li>Servicio de reclamaciones<\/li>\r\n<li>3 Place de Fontenoy &#8211; TSA 80715 &#8211; 75334 PARIS CEDEX 07<\/li>\r\n<\/ul>\r\n<p>Hay un formulario de reclamaci\u00f3n en l\u00ednea disponible en el siguiente enlace: <a href=\"https:\/\/www.cnil.fr\/fr\/plaintes\" target=\"_blank\" rel=\"noopener\">https:\/\/www.cnil.fr\/fr\/plaintes<\/a><\/p>\r\n\r\n\r\n\r\n<h2>Actualizaciones y cambios en la pol\u00edtica de privacidad<\/h2>\r\n\r\n\r\n\r\n<p>Al informar a los usuarios por correo electr\u00f3nico, sitio web o de otra manera, Plug &amp; Plate puede modificar y adaptar la Pol\u00edtica de Privacidad, en particular para cumplir con cualquier nueva legislaci\u00f3n y\/o regulaci\u00f3n aplicable (como el Reglamento General de Protecci\u00f3n de Datos aplicable a partir del 25 de mayo de 2018), las recomendaciones de la CNIL, las directrices, recomendaciones y mejores pr\u00e1cticas del Comit\u00e9 Europeo de Protecci\u00f3n de Datos y las decisiones de los tribunales y juzgados en la materia.<\/p>\r\n\r\n\r\n\r\n<h2>Nota sobre los menores<\/h2>\r\n\r\n\r\n\r\n<p>Los menores de 18 a\u00f1os y las personas que no tienen plena capacidad jur\u00eddica no est\u00e1n autorizados a utilizar el Sitio.<\/p>\r\n\r\n\r\n\r\n<h2>Legislaci\u00f3n y jurisdicci\u00f3n aplicables<\/h2>\r\n\r\n\r\n\r\n<p>La validez, la interpretaci\u00f3n y\/o la ejecuci\u00f3n de la Pol\u00edtica de Privacidad est\u00e1n sujetas al derecho franc\u00e9s, en la medida en que lo permitan las normas de derecho internacional privado aplicables.<\/p>\r\n<p>En caso de litigio relacionado con la validez, la interpretaci\u00f3n o la ejecuci\u00f3n de la Pol\u00edtica de Privacidad, los tribunales de Evry-Courcouronnes ser\u00e1n los \u00fanicos competentes, en la medida en que lo permitan las normas de derecho internacional privado y de procedimiento civil aplicables.<\/p>\r\n<p>Antes de dar cualquier paso hacia la resoluci\u00f3n judicial de un conflicto, el Usuario y Plug &amp; Plate se comprometen a intentar resolverlo de forma amistosa. Para ello, se pondr\u00e1n en contacto primero entre s\u00ed, antes de recurrir, si es necesario, a la mediaci\u00f3n, al arbitraje o a cualquier otro m\u00e9todo alternativo de resoluci\u00f3n de conflictos.<\/p>\r\n","protected":false},"excerpt":{"rendered":"<p>En el transcurso de su actividad, Plug &amp; Plate, cuyo domicilio social se encuentra en\u00a029 Cours Monseigneur Rom\u00e9ro, recoge y trata informaci\u00f3n, parte de la cual se califica como \u00abdatos personales\u00bb.\u00a0\u00a0Plug &amp; Plate concede gran importancia al respeto de la privacidad, y s\u00f3lo utiliza los datos de forma responsable y confidencial y con un prop\u00f3sito &hellip;<\/p>\n<p class=\"read-more\"> <a class=\"\" href=\"https:\/\/plugshops.com\/es\/politica-de-confidencialidad\/\"> <span class=\"screen-reader-text\">Pol\u00edtica de Confidencialidad<\/span> Leer m\u00e1s &raquo;<\/a><\/p>\n","protected":false},"author":4,"featured_media":0,"parent":0,"menu_order":0,"comment_status":"closed","ping_status":"closed","template":"","meta":{"content-type":"","site-sidebar-layout":"default","site-content-layout":"default","ast-global-header-display":"","ast-main-header-display":"","ast-hfb-above-header-display":"","ast-hfb-below-header-display":"","ast-hfb-mobile-header-display":"","site-post-title":"","ast-breadcrumbs-content":"","ast-featured-img":"","footer-sml-layout":"","theme-transparent-header-meta":"default","adv-header-id-meta":"","stick-header-meta":"","header-above-stick-meta":"","header-main-stick-meta":"","header-below-stick-meta":"","footnotes":""},"class_list":["post-1310","page","type-page","status-publish","hentry"],"_links":{"self":[{"href":"https:\/\/plugshops.com\/es\/wp-json\/wp\/v2\/pages\/1310","targetHints":{"allow":["GET"]}}],"collection":[{"href":"https:\/\/plugshops.com\/es\/wp-json\/wp\/v2\/pages"}],"about":[{"href":"https:\/\/plugshops.com\/es\/wp-json\/wp\/v2\/types\/page"}],"author":[{"embeddable":true,"href":"https:\/\/plugshops.com\/es\/wp-json\/wp\/v2\/users\/4"}],"replies":[{"embeddable":true,"href":"https:\/\/plugshops.com\/es\/wp-json\/wp\/v2\/comments?post=1310"}],"version-history":[{"count":5,"href":"https:\/\/plugshops.com\/es\/wp-json\/wp\/v2\/pages\/1310\/revisions"}],"predecessor-version":[{"id":1379,"href":"https:\/\/plugshops.com\/es\/wp-json\/wp\/v2\/pages\/1310\/revisions\/1379"}],"wp:attachment":[{"href":"https:\/\/plugshops.com\/es\/wp-json\/wp\/v2\/media?parent=1310"}],"curies":[{"name":"wp","href":"https:\/\/api.w.org\/{rel}","templated":true}]}}